{"id":7808,"date":"2021-03-10T15:09:59","date_gmt":"2021-03-10T15:09:59","guid":{"rendered":"https:\/\/biovacperu.com\/oficial\/?page_id=7808"},"modified":"2025-09-04T22:10:02","modified_gmt":"2025-09-04T22:10:02","slug":"vacunacion-en-nuestras-instalaciones","status":"publish","type":"page","link":"https:\/\/biovacperu.com\/oficial\/vacunacion-en-nuestras-instalaciones\/","title":{"rendered":"Vacunaci\u00f3n en nuestras instalaciones"},"content":{"rendered":"<div class=\"wpb-content-wrapper\"><p>[vc_row][vc_column width=\u00bb1\/2&#8243;][vc_column_text css=\u00bb\u00bb]<\/p>\n<h2>Vis\u00edtanos en nuestras sedes:<\/h2>\n<p><strong>BIOVAC<\/strong>&nbsp;cuenta con tecnolog\u00eda de \u00faltima generaci\u00f3n para la conservaci\u00f3n de sus productos, garantiz\u00e1ndoles a sus clientes una segura y confiable cadena de fr\u00edo. Refrigeradoras horizontales&nbsp;&nbsp;<strong>ICE LINED<\/strong>, Thermos transportadoras de vacunas<strong>&nbsp;RCW<\/strong>.<\/p>\n<p>Contamos con el mejor equipo de profesionales, de gran trayectoria y experiencia en&nbsp; inmunizaciones, con amplios conocimientos en el \u00e1rea de vacunas y dispuestos a asesorar a sus clientes donde sea necesario.<\/p>\n<p><strong>BIOVAC<\/strong>, brinda informaci\u00f3n a trav\u00e9s de charlas educativas &nbsp;sobre enfermedades inmunoprevenibles a trav\u00e9s de&nbsp; la vacunaci\u00f3n.<\/p>\n<h3>\u00a1TE ESPERAMOS!<\/h3>\n<h3><strong>Agenda tu cita:&nbsp;<a href=\"https:\/\/biovacperu.com\/citas\" target=\"_blank\" rel=\"noopener\">biovacperu.com\/citas<\/a><\/strong><\/h3>\n<p>&nbsp;[\/vc_column_text][\/vc_column][vc_column width=\u00bb1\/2&#8243;][vc_images_carousel images=\u00bb8003,8004,7824&#8243; img_size=\u00bb500&#215;500&#8243; autoplay=\u00bbyes\u00bb wrap=\u00bbyes\u00bb css=\u00bb\u00bb][\/vc_column][\/vc_row]<\/p>\n<\/div>","protected":false},"excerpt":{"rendered":"<p>[vc_row][vc_column width=\u00bb1\/2&#8243;][vc_column_text css=\u00bb\u00bb] Vis\u00edtanos en nuestras sedes: BIOVAC&nbsp;cuenta con tecnolog\u00eda de \u00faltima generaci\u00f3n para la conservaci\u00f3n de sus productos, garantiz\u00e1ndoles a sus clientes una segura y confiable cadena de fr\u00edo. Refrigeradoras horizontales&nbsp;&nbsp;ICE LINED, Thermos transportadoras de vacunas&nbsp;RCW. Contamos con el mejor equipo de profesionales, de gran trayectoria y experiencia en&nbsp; inmunizaciones, con amplios conocimientos en &hellip; <a href=\"https:\/\/biovacperu.com\/oficial\/vacunacion-en-nuestras-instalaciones\/\" class=\"more-link\" title=\"Continue reading <span class=\"screen-reader-text\">Vacunaci\u00f3n en nuestras instalaciones<\/span>\u00ab>Continue reading <span class=\"screen-reader-text\">Vacunaci\u00f3n en nuestras instalaciones<\/span><\/a><\/p>\n","protected":false},"author":1,"featured_media":0,"parent":0,"menu_order":0,"comment_status":"closed","ping_status":"closed","template":"","meta":{"_joinchat":[],"footnotes":""},"class_list":["post-7808","page","type-page","status-publish","hentry"],"_links":{"self":[{"href":"https:\/\/biovacperu.com\/oficial\/wp-json\/wp\/v2\/pages\/7808","targetHints":{"allow":["GET"]}}],"collection":[{"href":"https:\/\/biovacperu.com\/oficial\/wp-json\/wp\/v2\/pages"}],"about":[{"href":"https:\/\/biovacperu.com\/oficial\/wp-json\/wp\/v2\/types\/page"}],"author":[{"embeddable":true,"href":"https:\/\/biovacperu.com\/oficial\/wp-json\/wp\/v2\/users\/1"}],"replies":[{"embeddable":true,"href":"https:\/\/biovacperu.com\/oficial\/wp-json\/wp\/v2\/comments?post=7808"}],"version-history":[{"count":16,"href":"https:\/\/biovacperu.com\/oficial\/wp-json\/wp\/v2\/pages\/7808\/revisions"}],"predecessor-version":[{"id":8534,"href":"https:\/\/biovacperu.com\/oficial\/wp-json\/wp\/v2\/pages\/7808\/revisions\/8534"}],"wp:attachment":[{"href":"https:\/\/biovacperu.com\/oficial\/wp-json\/wp\/v2\/media?parent=7808"}],"curies":[{"name":"wp","href":"https:\/\/api.w.org\/{rel}","templated":true}]}}