{"id":8188,"date":"2024-01-19T14:04:13","date_gmt":"2024-01-19T14:04:13","guid":{"rendered":"https:\/\/biovacperu.com\/oficial\/?page_id=8188"},"modified":"2025-09-02T17:21:18","modified_gmt":"2025-09-02T17:21:18","slug":"hormona-de-crecimiento","status":"publish","type":"page","link":"https:\/\/biovacperu.com\/oficial\/hormona-de-crecimiento\/","title":{"rendered":"Hormona de Crecimiento"},"content":{"rendered":"<div class=\"wpb-content-wrapper\"><p>[vc_row css=\u00bb.vc_custom_1756833526875{margin-top: 0px !important;padding-top: 0px !important;}\u00bb][vc_column][vc_column_text css=\u00bb.vc_custom_1756831523529{margin-bottom: -50px !important;}\u00bb]<\/p>\n<h2>\u00bfQu\u00e9 es la Hormona de Crecimiento?<\/h2>\n<p>La hormona del crecimiento, tambi\u00e9n conocida como somatotropina, es una prote\u00edna producida por la gl\u00e1ndula pituitaria, que es una peque\u00f1a gl\u00e1ndula ubicada en la base del cerebro. Esta hormona desempe\u00f1a un papel fundamental en el crecimiento, desarrollo y mantenimiento de los tejidos y \u00f3rganos en el cuerpo.<br \/>\nDurante la infancia y la adolescencia, la hormona del crecimiento estimula el crecimiento longitudinal de los huesos, promoviendo as\u00ed el aumento de estatura. Adem\u00e1s, regula el metabolismo de las prote\u00ednas, grasas e hidratos de carbono, afectando el equilibrio de estos elementos en el cuerpo.<\/p>\n<h2>\u00bfCu\u00e1ndo se necesita?<\/h2>\n<p>Aqu\u00ed hay algunas situaciones en las que se puede considerar la administraci\u00f3n de la hormona de crecimiento:[\/vc_column_text][\/vc_column][\/vc_row][vc_row equal_height=\u00bbyes\u00bb css=\u00bb.vc_custom_1756832415471{padding-top: 0px !important;padding-bottom: 0px !important;}\u00bb][vc_column width=\u00bb1\/4&#8243;][vc_single_image image=\u00bb8192&#8243; img_size=\u00bb\u00bb css=\u00bb\u00bb][\/vc_column][vc_column width=\u00bb3\/4&#8243;][vc_column_text css=\u00bb\u00bb]<\/p>\n<h2>Deficiencia de hormona del crecimiento:<\/h2>\n<p>Algunas personas pueden tener una deficiencia en la producci\u00f3n de la hormona del crecimiento por parte de la gl\u00e1ndula pituitaria. Esto puede deberse a problemas gen\u00e9ticos, lesiones en el cerebro, tumores pituitarios u otras condiciones m\u00e9dicas.<br \/>\nEn casos de deficiencia, la administraci\u00f3n de la hormona de crecimiento sint\u00e9tica puede ser recomendada para estimular el crecimiento y el desarrollo normal.[\/vc_column_text][\/vc_column][\/vc_row][vc_row css=\u00bb.vc_custom_1756832445755{padding-top: 0px !important;padding-bottom: 0px !important;}\u00bb][vc_column width=\u00bb1\/4&#8243;][vc_single_image image=\u00bb8195&#8243; img_size=\u00bb\u00bb css=\u00bb\u00bb][\/vc_column][vc_column width=\u00bb3\/4&#8243;][vc_column_text css=\u00bb\u00bb]<\/p>\n<h2>Retraso en el crecimiento:<\/h2>\n<p>En algunos ni\u00f1os, el crecimiento puede estar por debajo de la norma y no estar vinculado a una deficiencia de hormona del crecimiento. En estos casos, los m\u00e9dicos pueden considerar la administraci\u00f3n de la hormona del crecimiento para estimular el crecimiento.[\/vc_column_text][\/vc_column][\/vc_row][vc_row css=\u00bb.vc_custom_1756832445755{padding-top: 0px !important;padding-bottom: 0px !important;}\u00bb][vc_column width=\u00bb1\/4&#8243;][vc_single_image image=\u00bb8199&#8243; img_size=\u00bb\u00bb css=\u00bb\u00bb][\/vc_column][vc_column width=\u00bb3\/4&#8243;][vc_column_text css=\u00bb\u00bb]<\/p>\n<h2>S\u00edndrome de Turner:<\/h2>\n<p>Las ni\u00f1as con el s\u00edndrome de Turner, un trastorno gen\u00e9tico que afecta el desarrollo sexual y el crecimiento, a menudo reciben tratamiento con hormona de crecimiento para mejorar la estatura.[\/vc_column_text][\/vc_column][\/vc_row][vc_row css=\u00bb.vc_custom_1756832445755{padding-top: 0px !important;padding-bottom: 0px !important;}\u00bb][vc_column width=\u00bb1\/4&#8243;][vc_single_image image=\u00bb8201&#8243; img_size=\u00bb\u00bb css=\u00bb\u00bb][\/vc_column][vc_column width=\u00bb3\/4&#8243;][vc_column_text css=\u00bb\u00bb]<\/p>\n<h2>Insuficiencia renal cr\u00f3nica:<\/h2>\n<p>Algunos ni\u00f1os con insuficiencia renal cr\u00f3nica pueden experimentar retrasos en el crecimiento, y la hormona de crecimiento puede ser utilizada como parte del tratamiento.[\/vc_column_text][\/vc_column][\/vc_row][vc_row css=\u00bb.vc_custom_1756832445755{padding-top: 0px !important;padding-bottom: 0px !important;}\u00bb][vc_column width=\u00bb1\/4&#8243;][vc_single_image image=\u00bb8203&#8243; img_size=\u00bb\u00bb css=\u00bb\u00bb][\/vc_column][vc_column width=\u00bb3\/4&#8243;][vc_column_text css=\u00bb\u00bb]<\/p>\n<h2>S\u00edndrome de Prader-Willi:<\/h2>\n<p>Las personas con este s\u00edndrome pueden experimentar baja estatura y baja masa muscular, y la hormona de crecimiento a veces se prescribe para abordar estos problemas.[\/vc_column_text][\/vc_column][\/vc_row][vc_row][vc_column width=\u00bb1\/2&#8243; css=\u00bb.vc_custom_1705677895579{margin-top: -120px !important;}\u00bb][vc_empty_space][vc_message color=\u00bbwarning\u00bb message_box_color=\u00bbwarning\u00bb icon_fontawesome=\u00bb\u00bb css=\u00bb\u00bb]Es importante destacar que la administraci\u00f3n de la hormona del crecimiento debe ser realizada bajo la supervisi\u00f3n de profesionales de la salud y basada en evaluaciones m\u00e9dicas individuales. <strong>El uso no autorizado o inadecuado de la hormona de crecimiento puede tener efectos secundarios y riesgos significativos.<\/strong>[\/vc_message][\/vc_column][vc_column width=\u00bb1\/2&#8243; css=\u00bb.vc_custom_1705677914988{margin-top: -120px !important;}\u00bb][vc_empty_space][vc_btn title=\u00bbContactar para m\u00e1s informaci\u00f3n\u00bb color=\u00bbsuccess\u00bb size=\u00bblg\u00bb align=\u00bbcenter\u00bb i_icon_fontawesome=\u00bb\u00bb css=\u00bb\u00bb button_block=\u00bbtrue\u00bb add_icon=\u00bbtrue\u00bb link=\u00bburl:http%3A%2F%2Fwa.link%2Fyqvl9k|target:_blank\u00bb][vc_btn title=\u00bbComprar la Hormona de Crecimiento (*Recuerde que debe tener RECETA M\u00c9DICA )\u00bb color=\u00bbprimary\u00bb size=\u00bblg\u00bb align=\u00bbcenter\u00bb i_icon_fontawesome=\u00bb\u00bb css=\u00bb\u00bb button_block=\u00bbtrue\u00bb add_icon=\u00bbtrue\u00bb link=\u00bburl:https%3A%2F%2Fbiovacperu.com%2Fsitio%2Fproduct%2Fgenotropin-36ui-12-mg%2F|target:_blank\u00bb][\/vc_column][\/vc_row]<\/p>\n<\/div>","protected":false},"excerpt":{"rendered":"<p>[vc_row css=\u00bb.vc_custom_1756833526875{margin-top: 0px !important;padding-top: 0px !important;}\u00bb][vc_column][vc_column_text css=\u00bb.vc_custom_1756831523529{margin-bottom: -50px !important;}\u00bb] \u00bfQu\u00e9 es la Hormona de Crecimiento? La hormona del crecimiento, tambi\u00e9n conocida como somatotropina, es una prote\u00edna producida por la gl\u00e1ndula pituitaria, que es una peque\u00f1a gl\u00e1ndula ubicada en la base del cerebro. Esta hormona desempe\u00f1a un papel fundamental en el crecimiento, desarrollo y mantenimiento de &hellip; <a href=\"https:\/\/biovacperu.com\/oficial\/hormona-de-crecimiento\/\" class=\"more-link\" title=\"Continue reading <span class=\"screen-reader-text\">Hormona de Crecimiento<\/span>\u00ab>Continue reading <span class=\"screen-reader-text\">Hormona de Crecimiento<\/span><\/a><\/p>\n","protected":false},"author":1,"featured_media":0,"parent":0,"menu_order":0,"comment_status":"closed","ping_status":"closed","template":"","meta":{"_joinchat":[],"footnotes":""},"class_list":["post-8188","page","type-page","status-publish","hentry"],"_links":{"self":[{"href":"https:\/\/biovacperu.com\/oficial\/wp-json\/wp\/v2\/pages\/8188","targetHints":{"allow":["GET"]}}],"collection":[{"href":"https:\/\/biovacperu.com\/oficial\/wp-json\/wp\/v2\/pages"}],"about":[{"href":"https:\/\/biovacperu.com\/oficial\/wp-json\/wp\/v2\/types\/page"}],"author":[{"embeddable":true,"href":"https:\/\/biovacperu.com\/oficial\/wp-json\/wp\/v2\/users\/1"}],"replies":[{"embeddable":true,"href":"https:\/\/biovacperu.com\/oficial\/wp-json\/wp\/v2\/comments?post=8188"}],"version-history":[{"count":40,"href":"https:\/\/biovacperu.com\/oficial\/wp-json\/wp\/v2\/pages\/8188\/revisions"}],"predecessor-version":[{"id":8411,"href":"https:\/\/biovacperu.com\/oficial\/wp-json\/wp\/v2\/pages\/8188\/revisions\/8411"}],"wp:attachment":[{"href":"https:\/\/biovacperu.com\/oficial\/wp-json\/wp\/v2\/media?parent=8188"}],"curies":[{"name":"wp","href":"https:\/\/api.w.org\/{rel}","templated":true}]}}